{"id":31,"date":"2020-09-04T00:58:20","date_gmt":"2020-09-04T00:58:20","guid":{"rendered":"https:\/\/www.tuxtla.tecnm.mx\/prodep\/?page_id=31"},"modified":"2025-08-12T17:10:08","modified_gmt":"2025-08-12T17:10:08","slug":"documentos-normativos","status":"publish","type":"page","link":"https:\/\/www.tuxtla.tecnm.mx\/prodep\/documentos-normativos\/","title":{"rendered":"Documentos Normativos"},"content":{"rendered":"\n<p><a href=\"https:\/\/www.tuxtla.tecnm.mx\/prodep\/wp-content\/uploads\/2025\/08\/1-Lineamientos-2024-S247.pdf\">1.- Lineamientos<\/a><\/p>\n\n\n\n<p><a href=\"https:\/\/www.tuxtla.tecnm.mx\/prodep\/wp-content\/uploads\/2024\/08\/2.-S247-2024-Modelo-2-Esquema.pdf\">2.- Esquema de Contralor\u00eda Social 2025<\/a><\/p>\n\n\n\n<p><a href=\"https:\/\/www.tuxtla.tecnm.mx\/prodep\/wp-content\/uploads\/2025\/08\/3.-S247-Modelo-3-Guia-O.pdf\">3.- Gu\u00eda operativa de Contralor\u00eda Social 2025<\/a><\/p>\n\n\n\n<p><a href=\"https:\/\/www.tuxtla.tecnm.mx\/prodep\/wp-content\/uploads\/2025\/08\/4.-S247-2025-Modelo-4-PATCS.pdf\">4.- Programa Anual de Trabajo de Contralor\u00eda Social PATCS 2025<\/a><\/p>\n\n\n\n<p><a href=\"https:\/\/www.tuxtla.tecnm.mx\/prodep\/wp-content\/uploads\/2025\/08\/5.-OF-DE-VALIDA-S247.pdf\">5.- Oficio de Validaci\u00f3n de documentos normativos<\/a><\/p>\n\n\n\n<p><\/p>\n","protected":false},"excerpt":{"rendered":"<p>1.- Lineamientos 2.- Esquema de Contralor\u00eda Social 2025 3.- Gu\u00eda operativa de Contralor\u00eda Social 2025 4.- Programa Anual de Trabajo de Contralor\u00eda Social PATCS 2025 5.- Oficio de Validaci\u00f3n de documentos normativos<\/p>\n<p><a href=\"https:\/\/www.tuxtla.tecnm.mx\/prodep\/documentos-normativos\/\"><span class=\"glyphicon glyphicon-arrow-right\"><\/span>&nbsp;Continue reading<\/a><\/p>","protected":false},"author":1,"featured_media":0,"parent":0,"menu_order":0,"comment_status":"closed","ping_status":"closed","template":"","meta":{"footnotes":""},"class_list":["post-31","page","type-page","status-publish","hentry"],"_links":{"self":[{"href":"https:\/\/www.tuxtla.tecnm.mx\/prodep\/wp-json\/wp\/v2\/pages\/31","targetHints":{"allow":["GET"]}}],"collection":[{"href":"https:\/\/www.tuxtla.tecnm.mx\/prodep\/wp-json\/wp\/v2\/pages"}],"about":[{"href":"https:\/\/www.tuxtla.tecnm.mx\/prodep\/wp-json\/wp\/v2\/types\/page"}],"author":[{"embeddable":true,"href":"https:\/\/www.tuxtla.tecnm.mx\/prodep\/wp-json\/wp\/v2\/users\/1"}],"replies":[{"embeddable":true,"href":"https:\/\/www.tuxtla.tecnm.mx\/prodep\/wp-json\/wp\/v2\/comments?post=31"}],"version-history":[{"count":13,"href":"https:\/\/www.tuxtla.tecnm.mx\/prodep\/wp-json\/wp\/v2\/pages\/31\/revisions"}],"predecessor-version":[{"id":151,"href":"https:\/\/www.tuxtla.tecnm.mx\/prodep\/wp-json\/wp\/v2\/pages\/31\/revisions\/151"}],"wp:attachment":[{"href":"https:\/\/www.tuxtla.tecnm.mx\/prodep\/wp-json\/wp\/v2\/media?parent=31"}],"curies":[{"name":"wp","href":"https:\/\/api.w.org\/{rel}","templated":true}]}}