{"id":10,"date":"2020-09-03T23:02:03","date_gmt":"2020-09-03T23:02:03","guid":{"rendered":"https:\/\/www.tuxtla.tecnm.mx\/prodep\/?page_id=10"},"modified":"2020-09-03T23:02:53","modified_gmt":"2020-09-03T23:02:53","slug":"inicio-prodep","status":"publish","type":"page","link":"https:\/\/www.tuxtla.tecnm.mx\/prodep\/","title":{"rendered":"Programa para el Desarrollo Profesional Docente, para el Tipo Superior"},"content":{"rendered":"\n<p>Este programa busca profesionalizar a los Profesores de Tiempo Completo (PTC) para que alcancen las capacidades de investigaci\u00f3n-docencia, desarrollo tecnol\u00f3gico e innovaci\u00f3n y con responsabilidad social, se articulen y consoliden en cuerpos acad\u00e9micos y con ello generen una nueva comunidad acad\u00e9mica capaz de transformar su entorno.<\/p>\n","protected":false},"excerpt":{"rendered":"<p>Este programa busca profesionalizar a los Profesores de Tiempo Completo (PTC) para que alcancen las capacidades de investigaci\u00f3n-docencia, desarrollo tecnol\u00f3gico e innovaci\u00f3n y con responsabilidad social, se articulen y consoliden en cuerpos acad\u00e9micos y con ello generen una nueva comunidad acad\u00e9mica capaz de transformar su entorno.<\/p>\n<p><a href=\"https:\/\/www.tuxtla.tecnm.mx\/prodep\/\"><span class=\"glyphicon glyphicon-arrow-right\"><\/span>&nbsp;Continue reading<\/a><\/p>","protected":false},"author":1,"featured_media":0,"parent":0,"menu_order":0,"comment_status":"closed","ping_status":"closed","template":"","meta":{"footnotes":""},"class_list":["post-10","page","type-page","status-publish","hentry"],"_links":{"self":[{"href":"https:\/\/www.tuxtla.tecnm.mx\/prodep\/wp-json\/wp\/v2\/pages\/10","targetHints":{"allow":["GET"]}}],"collection":[{"href":"https:\/\/www.tuxtla.tecnm.mx\/prodep\/wp-json\/wp\/v2\/pages"}],"about":[{"href":"https:\/\/www.tuxtla.tecnm.mx\/prodep\/wp-json\/wp\/v2\/types\/page"}],"author":[{"embeddable":true,"href":"https:\/\/www.tuxtla.tecnm.mx\/prodep\/wp-json\/wp\/v2\/users\/1"}],"replies":[{"embeddable":true,"href":"https:\/\/www.tuxtla.tecnm.mx\/prodep\/wp-json\/wp\/v2\/comments?post=10"}],"version-history":[{"count":3,"href":"https:\/\/www.tuxtla.tecnm.mx\/prodep\/wp-json\/wp\/v2\/pages\/10\/revisions"}],"predecessor-version":[{"id":14,"href":"https:\/\/www.tuxtla.tecnm.mx\/prodep\/wp-json\/wp\/v2\/pages\/10\/revisions\/14"}],"wp:attachment":[{"href":"https:\/\/www.tuxtla.tecnm.mx\/prodep\/wp-json\/wp\/v2\/media?parent=10"}],"curies":[{"name":"wp","href":"https:\/\/api.w.org\/{rel}","templated":true}]}}