{"id":23835,"date":"2025-11-12T14:20:33","date_gmt":"2025-11-12T19:20:33","guid":{"rendered":"https:\/\/www.tuxtla.tecnm.mx\/dcab\/?page_id=23835"},"modified":"2025-11-13T13:37:13","modified_gmt":"2025-11-13T18:37:13","slug":"contacto-2","status":"publish","type":"page","link":"https:\/\/www.tuxtla.tecnm.mx\/dcab\/contacto-2\/","title":{"rendered":"Contacto"},"content":{"rendered":"\n<h4 class=\"wp-block-heading\">Responsable de la coordinaci\u00f3n del programa de Doctorado en Ciencias de los\nAlimentos y Biotecnolog\u00eda<\/h4>\n\n\n\n<p><strong>Dra. Rosa Isela Cruz Rodr\u00edguez<\/strong><\/p>\n\n\n\n<p><a href=\"mailto:Posgrado.dcab@tuxtla.tecnm.mx\">Posgrado.dcab@tuxtla.tecnm.mx<\/a><\/p>\n","protected":false},"excerpt":{"rendered":"<p>Responsable de la coordinaci\u00f3n del programa de Doctorado en Ciencias de los Alimentos y Biotecnolog\u00eda Dra. Rosa Isela Cruz Rodr\u00edguez Posgrado.dcab@tuxtla.tecnm.mx<\/p>\n<p><a href=\"https:\/\/www.tuxtla.tecnm.mx\/dcab\/contacto-2\/\"><span class=\"glyphicon glyphicon-arrow-right\"><\/span>&nbsp;Seguir leyendo<\/a><\/p>","protected":false},"author":5,"featured_media":0,"parent":0,"menu_order":0,"comment_status":"closed","ping_status":"closed","template":"","meta":{"footnotes":""},"class_list":["post-23835","page","type-page","status-publish","hentry"],"_links":{"self":[{"href":"https:\/\/www.tuxtla.tecnm.mx\/dcab\/wp-json\/wp\/v2\/pages\/23835","targetHints":{"allow":["GET"]}}],"collection":[{"href":"https:\/\/www.tuxtla.tecnm.mx\/dcab\/wp-json\/wp\/v2\/pages"}],"about":[{"href":"https:\/\/www.tuxtla.tecnm.mx\/dcab\/wp-json\/wp\/v2\/types\/page"}],"author":[{"embeddable":true,"href":"https:\/\/www.tuxtla.tecnm.mx\/dcab\/wp-json\/wp\/v2\/users\/5"}],"replies":[{"embeddable":true,"href":"https:\/\/www.tuxtla.tecnm.mx\/dcab\/wp-json\/wp\/v2\/comments?post=23835"}],"version-history":[{"count":3,"href":"https:\/\/www.tuxtla.tecnm.mx\/dcab\/wp-json\/wp\/v2\/pages\/23835\/revisions"}],"predecessor-version":[{"id":23900,"href":"https:\/\/www.tuxtla.tecnm.mx\/dcab\/wp-json\/wp\/v2\/pages\/23835\/revisions\/23900"}],"wp:attachment":[{"href":"https:\/\/www.tuxtla.tecnm.mx\/dcab\/wp-json\/wp\/v2\/media?parent=23835"}],"curies":[{"name":"wp","href":"https:\/\/api.w.org\/{rel}","templated":true}]}}