{"id":23811,"date":"2025-11-12T14:10:32","date_gmt":"2025-11-12T19:10:32","guid":{"rendered":"https:\/\/www.tuxtla.tecnm.mx\/dcab\/?page_id=23811"},"modified":"2025-11-13T17:49:00","modified_gmt":"2025-11-13T22:49:00","slug":"nucleo-academico","status":"publish","type":"page","link":"https:\/\/www.tuxtla.tecnm.mx\/dcab\/nucleo-academico\/","title":{"rendered":"N\u00facleo Acad\u00e9mico"},"content":{"rendered":"\n<p>Biotecnolog\u00eda Vegetal<\/p>\n\n\n\n<p>Ingenier\u00eda de Procesos Biotecnol\u00f3gicos<\/p>\n\n\n\n<p>Biocombustibles y Desarrollo Sustentable <\/p>\n\n\n\n<p>Sistemas de Producci\u00f3n Agrobiotecnol\u00f3gica<\/p>\n\n\n\n<p><\/p>\n\n\n\n<figure class=\"wp-block-table is-style-stripes\"><table class=\"\"><tbody><tr><td class=\"has-text-align-left\" data-align=\"left\">\n  <strong>LIES<\/strong>\n  <\/td><td>\n  <strong>Nombre\n  <\/strong>\n  <\/td><td>\n  <strong>Resumen\n  curricular<\/strong>\n  <\/td><\/tr><tr><td class=\"has-text-align-left\" data-align=\"left\">\n  <strong>Biocombustibles y\n  desarrollo sustentable <\/strong>\n  <strong>&nbsp;<\/strong>\n  <\/td><td>\n  Enciso\n  Saenz Samuel\n  <\/td><td>\n  Doctor en\n  Estudios Regionales. Es miembro del Sistema Nacional de Investigadores (Nivel\n  I), del Sistema Estatal de Investigadores y profesor con Perfil Deseable\n  PRODEP. Ha dirigido m\u00e1s de 45 tesis de licenciatura, maestr\u00eda y doctorado, y\n  cinco proyectos financiados por el TecNM y el IT Tuxtla Guti\u00e9rrez. Ha publicado\n  m\u00e1s de 10 art\u00edculos cient\u00edficos y participado en congresos nacionales e\n  internacionales. Su l\u00ednea de investigaci\u00f3n se centra en qu\u00edmica aplicada,\n  tecnolog\u00edas de recursos renovables y sostenibilidad ambiental.\n  <\/td><\/tr><tr><td class=\"has-text-align-left\" data-align=\"left\">\n  <strong>Biocombustibles y\n  desarrollo sustentable <\/strong>\n  <strong>&nbsp;<\/strong>\n  <\/td><td>\n  Gordillo Roc\u00edo\n  Meza\n  <\/td><td>\n  Doctora en Ciencias con\n  Especialidad en Qu\u00edmica Org\u00e1nica por el Cinvestav-IPN, Unidad Zacatenco. Es\n  miembro del Sistema Nacional de Investigadores (Nivel 2), profesora con\n  Perfil Deseable PRODEP y galardonada con el Premio Chiapas en Ciencias 2011.\n  Ha dirigido 8 proyectos de investigaci\u00f3n financiados por diversas\n  instituciones, y forma parte de comit\u00e9s editoriales y t\u00e9cnicos en revistas y\n  organismos de investigaci\u00f3n estatal. Ha graduado 4 doctores, 12 maestros y 15\n  ingenieros bioqu\u00edmicos, actualmente supervisando 4 tesis doctorales. En los\n  \u00faltimos 3 a\u00f1os ha publicado 44 art\u00edculos indexados y cuenta con 1 modelo de\n  utilidad registrado.\n  <\/td><\/tr><tr><td class=\"has-text-align-left\" data-align=\"left\">\n  <strong>Biocombustibles y\n  desarrollo sustentable <\/strong>\n  <strong>&nbsp;<\/strong>\n  <\/td><td>\n  Rosales\n  Quintero Arnulfo\n  <\/td><td>\n  Doctor en\n  Ciencias en Ingenier\u00eda (Instituto Mexicano del Petr\u00f3leo). Es miembro del\n  Sistema Nacional de Investigadores (Nivel 1), del Sistema Estatal de\n  Investigadores de Chiapas y profesor con Perfil Deseable PRODEP. Imparte\n  clases en Ingenier\u00eda Qu\u00edmica, Ingenier\u00eda Bioqu\u00edmica, Maestr\u00eda en Ciencias en\n  Ingenier\u00eda Bioqu\u00edmica y Doctorado en Ciencias de los Alimentos y\n  Biotecnolog\u00eda. L\u00edder del Cuerpo Acad\u00e9mico Qu\u00edmica y Tecnolog\u00edas de Recursos\n  Renovables, ha dirigido m\u00faltiples proyectos financiados y actualmente\n  supervisa una tesis doctoral y cuatro de maestr\u00eda. Ha publicado 20 art\u00edculos\n  indexados, cuenta con una patente en tr\u00e1mite y mantiene participaci\u00f3n activa\n  en congresos nacionales e internacionales.\n  <\/td><\/tr><tr><td class=\"has-text-align-left\" data-align=\"left\">\n  <strong>Biocombustibles y\n  desarrollo sustentable <\/strong>\n  <strong>&nbsp;<\/strong>\n  <\/td><td>\n  Villalobos\n  Maldonado Juan Jos\u00e9\n  <\/td><td>\n  Doctor en Ciencias en\n  Agrobiotecnolog\u00eda. Es miembro del Sistema Nacional de Investigadores (Nivel\n  I) y docente en la Licenciatura en Ingenier\u00eda Bioqu\u00edmica e Ingenier\u00eda\n  Qu\u00edmica, as\u00ed como en la Maestr\u00eda en Ciencias en Ingenier\u00eda Bioqu\u00edmica. Su\n  l\u00ednea de investigaci\u00f3n se centra en biotecnolog\u00eda y agrobiotecnolog\u00eda\n  aplicada a procesos ambientales y alimentarios. Ha dirigido 2 proyectos de\n  investigaci\u00f3n financiados y formado 4 maestros en ciencias, actualmente\n  supervisando 2 estudiantes de maestr\u00eda. En los \u00faltimos 3 a\u00f1os ha publicado 15\n  art\u00edculos en revistas indexadas y ocupa el cargo de jefe de proyectos de\n  vinculaci\u00f3n en Ingenier\u00eda Qu\u00edmica.\n  <\/td><\/tr><tr><td class=\"has-text-align-left\" data-align=\"left\">\n  <strong>Biotecnolog\u00eda vegetal<\/strong>\n  <\/td><td>\n  Cruz\n  Rodr\u00edguez Rosa Isela\n  <\/td><td>\n  Doctora\n  en Ciencias en Agrobiotecnolog\u00eda por el TECNM\/IT Tlajomulco.&nbsp; Miembro del Sistema Nacional de\n  Investigadores Nivel 1 y profesora con Perfil Deseable PRODEP, con\n  experiencia en estudio farmacol\u00f3gico, perfil fitoqu\u00edmico y an\u00e1lisis\n  toxicol\u00f3gico de extractos de plantas para su aprovechamiento en el \u00e1rea de la\n  salud. Actualmente, imparte cursos de licenciatura y posgrado (Maestr\u00eda y\n  Doctorado), afines a la especialidad y las LIES de Biotecnolog\u00eda vegetal.\n  Cuenta con 26 publicaciones en revistas indexadas. Ha dirigido dos tesis de\n  doctorado, cuatro tesis de maestr\u00eda y 20 tesis de licenciatura, Ha dirigido\n  cinco proyectos de investigaci\u00f3n financiados. \n  <\/td><\/tr><tr><td class=\"has-text-align-left\" data-align=\"left\">\n  <strong>Biotecnolog\u00eda vegetal<\/strong>\n  <\/td><td>\n  Guti\u00e9rrez\n  Miceli Federico Antonio\n  <\/td><td>\n  Doctor en Ciencias en\n  Biotecnolog\u00eda. Miembro del Sistema Nacional de Investigadores (Nivel\n  Em\u00e9rito). Ha laborado durante 44 a\u00f1os en el TecNM campus Tuxtla Guti\u00e9rrez. Su\n  l\u00ednea de investigaci\u00f3n se centra en el estudio del metabolismo primario y\n  secundario en plantas micropropagadas y cultivadas con insumos org\u00e1nicos, con\n  el objetivo de consolidar un grupo de trabajo que genere proyectos de\n  investigaci\u00f3n vinculados al sector productivo y social de Chiapas. Ha formado\n  recursos humanos a nivel licenciatura, maestr\u00eda y doctorado, contribuyendo a\n  la investigaci\u00f3n aplicada en biotecnolog\u00eda vegetal.\n  <\/td><\/tr><tr><td class=\"has-text-align-left\" data-align=\"left\">\n  <strong>Biotecnolog\u00eda vegetal<\/strong>\n  <\/td><td>\n  Montes\n  Molina Joaqu\u00edn Adolfo\n  <\/td><td>\n  Doctor en\n  Ciencias con especialidad en Biotecnolog\u00eda (CINVESTAV-IPN). Miembro del\n  Sistema Nacional de Investigadores Nivel I y cuenta con Perfil Deseable\n  PRODEP. Ha impartido clases en licenciatura, maestr\u00eda y doctorado, y dirigido\n  m\u00faltiples tesis. Su labor de investigaci\u00f3n abarca remediaci\u00f3n de suelos,\n  bioinsecticidas, biofertilizantes, agricultura de conservaci\u00f3n y b\u00fasqueda de\n  plantas con efectos alelop\u00e1ticos para bioherbicidas naturales. Ha sido\n  evaluador de proyectos del CONACYT, revisor de revistas indexadas y\n  participante en congresos internacionales. Colabora con CINVESTAV y CIMMYT, y\n  promueve programas de reforestaci\u00f3n y tecnolog\u00edas sustentables para\n  productores locales.\n  <\/td><\/tr><tr><td class=\"has-text-align-left\" data-align=\"left\">\n  <strong>Biotecnolog\u00eda vegetal<\/strong>\n  <\/td><td>\n  Rinc\u00f3n Rosales\n  Reiner\n  <\/td><td>\n  Doctor en Ciencias\n  Biol\u00f3gicas (UNAM), con especializaci\u00f3n en Ecolog\u00eda Gen\u00f3mica y en Econom\u00eda\n  Social y Solidaria (TecNM). Es miembro del Sistema Nacional de Investigadores\n  (Nivel 2), del Sistema Estatal de Investigadores de Chiapas y profesor con\n  Perfil Deseable PRODEP, reconocido con el Premio al M\u00e9rito Estatal de\n  Investigaci\u00f3n 2014. Ha dirigido proyectos financiados por CONACYT, TecNM y\n  FOMIX, graduado m\u00e1s de 100 estudiantes en licenciatura, maestr\u00eda, doctorado, residencias\n  y servicio social, publicado 72 art\u00edculos indexados, registrado 3 patentes y\n  desarrollado paquetes tecnol\u00f3gicos en biofertilizantes, adem\u00e1s de realizar\n  estancias posdoctorales en Espa\u00f1a.\n  <\/td><\/tr><tr><td class=\"has-text-align-left\" data-align=\"left\">\n  <strong>Biotecnolog\u00eda vegetal<\/strong>\n  <\/td><td>\n  Ruiz\n  Lau Nancy\n  <\/td><td>\n  Doctora\n  en Ciencias Biol\u00f3gicas con opci\u00f3n en Bioqu\u00edmica y Biolog\u00eda Molecular de\n  Plantas por el Centro de Investigaci\u00f3n Cient\u00edfica de Yucat\u00e1n (CICY). Es\n  Investigadora por M\u00e9xico (SECIHTI), miembro del SNI Nivel I y del Sistema\n  Estatal de Investigadores de Chiapas. Su l\u00ednea de investigaci\u00f3n se centra en\n  la biotecnolog\u00eda vegetal, enfocada en la tolerancia a factores bi\u00f3ticos y\n  abi\u00f3ticos y el biocontrol de hongos fitopat\u00f3genos. Ha publicado 31 art\u00edculos\n  indexados, 3 cap\u00edtulos de libro, 4 de divulgaci\u00f3n, y ha dirigido 2 tesis doctorales,\n  11 de maestr\u00eda y 7 de licenciatura.\n  <\/td><\/tr><tr><td class=\"has-text-align-left\" data-align=\"left\">\n  <strong>Biotecnolog\u00eda vegetal<\/strong>\n  <\/td><td>\n  Ruiz\n  Valdiviezo V\u00edctor Manuel\n  <\/td><td>\n  Doctor en Ciencias con\n  especialidad en Biotecnolog\u00eda (CINVESTAV-IPN). Miembro del Sistema Nacional\n  de Investigadores (Nivel II) y del Sistema Estatal de Investigadores de\n  Chiapas. Ha publicado m\u00e1s de 130 art\u00edculos en revistas indexadas en Scopus y\n  cuenta con una patente registrada y otra en tr\u00e1mite. Ha dirigido 8 tesis\n  doctorales, 11 de maestr\u00eda y 32 de licenciatura. Sus l\u00edneas de investigaci\u00f3n\n  se centran en biotecnolog\u00eda aplicada y aprovechamiento de recursos\n  microbianos, con un enfoque de ciencias \u00f3micas (gen\u00f3mica, metagen\u00f3mica,\n  transcript\u00f3mica, prote\u00f3mica y metabol\u00f3mica) para su caracterizaci\u00f3n y\n  valorizaci\u00f3n \n  <\/td><\/tr><tr><td class=\"has-text-align-left\" data-align=\"left\">\n  <strong>Biotecnolog\u00eda vegetal<\/strong>\n  <\/td><td>\n  Santiz\n  G\u00f3mez Jos\u00e9 Alfredo\n  <\/td><td>\n  Doctor en\n  Ciencias de los Alimentos y Biotecnolog\u00eda. Es miembro del Sistema Nacional de\n  Investigadores (Nivel C). Sus \u00e1reas de investigaci\u00f3n son en biotecnolog\u00eda\n  vegetal, enfoc\u00e1ndose en la micropropagaci\u00f3n enfocados a la producci\u00f3n y\n  acumulaci\u00f3n de metabolitos de inter\u00e9s agroindustrial, adem\u00e1s del\n  establecimiento de protocolos de aclimataci\u00f3n, encapsulaci\u00f3n de c\u00e9lulas\n  vegetales por secado por aspersi\u00f3n en diversas especies modelo y especies\n  bajo protecci\u00f3n especial. Imparte asignaturas en licenciatura y posgrado como\n  asignaturas de bioqu\u00edmica, cultivo de tejidos vegetales, biotecnolog\u00eda vegetal\n  y seminario de investigaci\u00f3n, con \u00e9nfasis en la generaci\u00f3n y difusi\u00f3n de\n  conocimiento cient\u00edfico y la formaci\u00f3n de estudiantes con esp\u00edritu\n  investigativo.\n  <\/td><\/tr><tr><td class=\"has-text-align-left\" data-align=\"left\">\n  <strong>Ingenier\u00eda de procesos\n  biotecnol\u00f3gicos y alimentarios<\/strong>\n  <\/td><td>\n  Abud Archila\n  Miguel\n  <\/td><td>\n  Doctor en Ciencias en Ingenier\u00eda\n  de Procesos, especialidad Alimentaria. Es profesor con Perfil Deseable PRODEP\n  y miembro del Sistema Nacional de Investigadores (SNII) (Nivel I). Forma\n  parte del Cuerpo Acad\u00e9mico Consolidado \u201cBiotecnolog\u00edas para el Desarrollo\n  Sustentable del Estado de Chiapas\u201d enfocando su investigaci\u00f3n en ingenier\u00eda\n  de procesos biotecnol\u00f3gicos y alimentarios. Su labor docente y cient\u00edfica se\n  orienta al fortalecimiento de la investigaci\u00f3n y divulgaci\u00f3n en ciencia y\n  tecnolog\u00eda. Imparte clases a nivel licenciatura y emplea herramientas\n  digitales como Microsoft Office, Teams, software estad\u00edstico, Matlab e\n  inteligencia artificial para el an\u00e1lisis y gesti\u00f3n de datos.\n  <\/td><\/tr><tr><td class=\"has-text-align-left\" data-align=\"left\">\n  <strong>Ingenier\u00eda de procesos\n  biotecnol\u00f3gicos y alimentarios<\/strong>\n  <\/td><td>\n  \u00c1lvarez\n  Guti\u00e9rrez Peggy Elizabeth\n  <\/td><td>\n  Doctora\n  en Ciencias con especialidad en Biotecnolog\u00eda, Catedr\u00e1tica SECIHTI\n  comisionada al TecNM-Instituto Tecnol\u00f3gico de Tuxtla Guti\u00e9rrez. Miembro del\n  Sistema Nacional de Investigadores (Nivel I) y del Sistema Estatal de\n  Investigadores de Chiapas, as\u00ed como profesora con Perfil Deseable PRODEP\n  (2006\u20132015). Su l\u00ednea de investigaci\u00f3n se enfoca en la ingenier\u00eda de procesos\n  biotecnol\u00f3gicos y alimentarios, con \u00e9nfasis en la producci\u00f3n de enzimas,\n  biocombustibles y biomateriales. Ha publicado m\u00e1s de 40 art\u00edculos indexados,\n  14 cap\u00edtulos de libro y 1 libro, adem\u00e1s de coautor\u00eda de una patente. Ha\n  dirigido 2 tesis doctorales, 11 de maestr\u00eda y 16 de licenciatura.\n  <\/td><\/tr><tr><td class=\"has-text-align-left\" data-align=\"left\">\n  <strong>Ingenier\u00eda de procesos\n  biotecnol\u00f3gicos y alimentarios<\/strong>\n  <\/td><td>\n  Luj\u00e1n Hidalgo\n  Mar\u00eda Celina\n  <\/td><td>\n  Doctora en Ciencias en Agrobiotecnolog\u00eda.\n  Es miembro del Sistema Nacional de Investigadores (Nivel I), del Sistema\n  Estatal de Investigadores de Chiapas y profesora con Perfil Deseable PRODEP.\n  Imparte clases en la Licenciatura y Maestr\u00eda en Ciencias en Ingenier\u00eda\n  Bioqu\u00edmica del TecNM campus Tuxtla Guti\u00e9rrez. Integra el Cuerpo Acad\u00e9mico en\n  consolidaci\u00f3n \u201cBiotecnolog\u00edas para el Desarrollo Sustentable de Chiapas\u201d,\n  enfocando su investigaci\u00f3n en ingenier\u00eda de procesos biotecnol\u00f3gicos y\n  alimentarios, alimentos funcionales, nanotecnolog\u00eda y nanomedicina. Ha\n  dirigido 4 proyectos de investigaci\u00f3n, tesis de maestr\u00eda y doctorado, y en\n  los \u00faltimos 5 a\u00f1os ha publicado 37 art\u00edculos indexados como primer autor o\n  coautor.\n  <\/td><\/tr><tr><td class=\"has-text-align-left\" data-align=\"left\">\n  <strong>Ingenier\u00eda de procesos\n  biotecnol\u00f3gicos y alimentarios<\/strong>\n  <\/td><td>\n  Ovando\n  Chac\u00f3n Sandy Luz\n  <\/td><td>\n  Doctora\n  en Ciencias con especialidad en Alimentos e Ingenier\u00eda Bioqu\u00edmica por el\n  Instituto Tecnol\u00f3gico de Veracruz. Es miembro del SNII nivel I y cuenta con\n  Perfil Deseable PRODEP. Sus l\u00edneas de investigaci\u00f3n se centran en la\n  Ingenier\u00eda de Procesos Biotecnol\u00f3gicos y Alimentarios, enfoc\u00e1ndose en\n  tecnolog\u00edas verdes como enzimolog\u00eda y microondas. Ha publicado 15 art\u00edculos y\n  4 cap\u00edtulos de libro, y dirigido tesis de doctorado, maestr\u00eda y licenciatura.\n  Fue coordinadora del Doctorado en Ciencias de los Alimentos y Biotecnolog\u00eda\n  (2015\u20132025).\n  <\/td><\/tr><tr><td class=\"has-text-align-left\" data-align=\"left\">\n  <strong>Sistemas de producci\u00f3n\n  agrobiotecnol\u00f3gica<\/strong>\n  <strong>&nbsp;<\/strong>\n  <\/td><td>\n  Arias Castro\n  Carlos\n  <\/td><td>\n  Doctor en\n  Agrobiotecnolog\u00eda (TecNM), adem\u00e1s de un PhD por la Universidad de Sheffield,\n  Reino Unido, y un Diplomado en Agricultura Protegida (Intagri-Universidad de\n  Almer\u00eda, Espa\u00f1a) con Maestr\u00eda en Ciencias en Biotecnolog\u00eda, especialidad en\n  Fermentaciones (CINVESTAV-IPN). Es miembro del Sistema Nacional de\n  Investigadores (Nivel I) y profesor con Perfil Deseable PRODEP. Fundador de\n  grupos de investigaci\u00f3n en biotecnolog\u00eda vegetal, metabolismo secundario\n  vegetal y sistemas de producci\u00f3n agrobiotecnol\u00f3gica, ha dirigido 56 tesis (8\n  licenciatura, 16 maestr\u00eda y 32 doctorado) y publicado 42 art\u00edculos indexados.\n  Su investigaci\u00f3n abarca producci\u00f3n de compuestos vegetales bioactivos,\n  agricultura protegida y agroindustria, con patentes y proyectos financiados\n  por SAGARPA, TecNM y sector privado.\n  <\/td><\/tr><tr><td class=\"has-text-align-left\" data-align=\"left\">\n  <strong>Sistemas de producci\u00f3n\n  agrobiotecnol\u00f3gica<\/strong>\n  <strong>&nbsp;<\/strong>\n  <\/td><td>\n  \u00c1vila\n  Miranda Mart\u00edn Eduardo\n  <\/td><td>\n  Doctor en\n  Biotecnolog\u00eda de Plantas con Maestr\u00eda en Parasitolog\u00eda Agr\u00edcola. Su l\u00ednea de\n  investigaci\u00f3n se centra en el manejo integral de enfermedades de cultivos\n  mediante estrategias biotecnol\u00f3gicas, incluyendo diagn\u00f3stico de laboratorio\n  con microbiolog\u00eda, histolog\u00eda y PCR, monitoreo epidemiol\u00f3gico y clim\u00e1tico,\n  selecci\u00f3n de cultivares resistentes y control biol\u00f3gico. Su objetivo es\n  formar investigadores capaces de promover cultivos saludables, sostenibles y\n  econ\u00f3micamente rentables. Imparte asignaturas de Fitopatolog\u00eda General,\n  Epidemiolog\u00eda y Manejo de Enfermedades, y Fitopatolog\u00eda Molecular. \n  <\/td><\/tr><tr><td class=\"has-text-align-left\" data-align=\"left\">\n  <strong>Sistemas de producci\u00f3n\n  agrobiotecnol\u00f3gica<\/strong>\n  <strong>&nbsp;<\/strong>\n  <\/td><td>\n  Mancilla\n  Margalli Norma Alejandra\n  <\/td><td>\n  Doctora en Ciencias en\n  Biotecnolog\u00eda de Plantas por el Cinvestav-Irapuato. Es reconocida por sus\n  estudios pioneros en la caracterizaci\u00f3n estructural de fructanos en agaves\n  (agavinas) y en la actividad de enzimas beta-fructofuranosidasas durante\n  interacciones planta-pat\u00f3geno. Su investigaci\u00f3n abarca adem\u00e1s la extracci\u00f3n y\n  caracterizaci\u00f3n de metabolitos secundarios con propiedades antioxidantes,\n  antihipertensivas y antidiab\u00e9ticas y la caracterizaci\u00f3n nutricional de\n  semillas de <em>Hyptis suaveolens<\/em>, contribuyendo al desarrollo de\n  aplicaciones biotecnol\u00f3gicas y nutricionales innovadoras.\n  <\/td><\/tr><tr><td class=\"has-text-align-left\" data-align=\"left\">\n  <strong>Sistemas de producci\u00f3n\n  agrobiotecnol\u00f3gica<\/strong>\n  <strong>&nbsp;<\/strong>\n  <\/td><td>\n  Rodr\u00edguez\n  Mendiola Martha Alicia\n  <\/td><td>\n  Maestra\n  en Ciencias en Biotecnolog\u00eda (CINVESTAV-IPN) y PhD en la Universidad de\n  Sheffield, Reino Unido. Profesora-investigadora del TecNM campus Tlajomulco,\n  fundadora de grupos en Biotecnolog\u00eda Vegetal y responsable del Laboratorio de\n  Biotecnolog\u00eda Vegetal. Miembro del SNI Nivel I y perfil PRODEP. Ha formado\n  m\u00e1s de 35 graduados, publicado 40 art\u00edculos, gestionado proyectos financiados\n  por SAGARPA, TecNM y sector privado, y posee una patente IMPI. Promueve\n  agricultura protegida y biotecnolog\u00eda aplicada a la producci\u00f3n sustentable.\n  <\/td><\/tr><\/tbody><\/table><\/figure>\n","protected":false},"excerpt":{"rendered":"<p>Biotecnolog\u00eda Vegetal Ingenier\u00eda de Procesos Biotecnol\u00f3gicos Biocombustibles y Desarrollo Sustentable Sistemas de Producci\u00f3n Agrobiotecnol\u00f3gica LIES Nombre Resumen curricular Biocombustibles y desarrollo sustentable &nbsp; Enciso Saenz Samuel Doctor en Estudios Regionales. Es miembro del Sistema Nacional de Investigadores (Nivel I), del Sistema Estatal de Investigadores y profesor con Perfil Deseable PRODEP. Ha dirigido m\u00e1s de 45&#8230;<\/p>\n<p><a href=\"https:\/\/www.tuxtla.tecnm.mx\/dcab\/nucleo-academico\/\"><span class=\"glyphicon glyphicon-arrow-right\"><\/span>&nbsp;Seguir leyendo<\/a><\/p>","protected":false},"author":5,"featured_media":0,"parent":0,"menu_order":0,"comment_status":"closed","ping_status":"closed","template":"","meta":{"footnotes":""},"class_list":["post-23811","page","type-page","status-publish","hentry"],"_links":{"self":[{"href":"https:\/\/www.tuxtla.tecnm.mx\/dcab\/wp-json\/wp\/v2\/pages\/23811","targetHints":{"allow":["GET"]}}],"collection":[{"href":"https:\/\/www.tuxtla.tecnm.mx\/dcab\/wp-json\/wp\/v2\/pages"}],"about":[{"href":"https:\/\/www.tuxtla.tecnm.mx\/dcab\/wp-json\/wp\/v2\/types\/page"}],"author":[{"embeddable":true,"href":"https:\/\/www.tuxtla.tecnm.mx\/dcab\/wp-json\/wp\/v2\/users\/5"}],"replies":[{"embeddable":true,"href":"https:\/\/www.tuxtla.tecnm.mx\/dcab\/wp-json\/wp\/v2\/comments?post=23811"}],"version-history":[{"count":4,"href":"https:\/\/www.tuxtla.tecnm.mx\/dcab\/wp-json\/wp\/v2\/pages\/23811\/revisions"}],"predecessor-version":[{"id":23910,"href":"https:\/\/www.tuxtla.tecnm.mx\/dcab\/wp-json\/wp\/v2\/pages\/23811\/revisions\/23910"}],"wp:attachment":[{"href":"https:\/\/www.tuxtla.tecnm.mx\/dcab\/wp-json\/wp\/v2\/media?parent=23811"}],"curies":[{"name":"wp","href":"https:\/\/api.w.org\/{rel}","templated":true}]}}