{"id":23779,"date":"2025-11-12T13:50:10","date_gmt":"2025-11-12T18:50:10","guid":{"rendered":"https:\/\/www.tuxtla.tecnm.mx\/dcab\/?page_id=23779"},"modified":"2025-11-12T14:52:19","modified_gmt":"2025-11-12T19:52:19","slug":"tutoria","status":"publish","type":"page","link":"https:\/\/www.tuxtla.tecnm.mx\/dcab\/tutoria\/","title":{"rendered":"Tutor\u00eda"},"content":{"rendered":"\n<figure class=\"wp-block-table is-style-stripes\"><table class=\"\"><tbody><tr><td>\n  <strong># Gen.<\/strong>\n  <\/td><td>   Per\u00edodo<strong> de Ingreso<\/strong>   <\/td><td>\n  <strong>Estudiante<\/strong>\n  <\/td><td>\n  <strong>Nombre del Director (a) de Tesis<\/strong>\n  <\/td><td>\n  <strong>Nombre del Co-Director (a) de\n  Tesis&nbsp;<\/strong>\n  <\/td><td>\n  <strong>Asesores internos <\/strong>\n  <\/td><td>\n  <strong>Nombre del Tutor <\/strong>\n  <\/td><\/tr><tr><td>\n  <strong>1<\/strong>\n  <\/td><td>\n  ago-15\n  <\/td><td>\n  Paola Tayd\u00e9 V\u00e1zquez Villegas\n  <\/td><td>\n  Roc\u00edo Meza Gordillo\n  <\/td><td>\n  &nbsp;\n  <\/td><td>\n  V\u00edctor Manuel Ruiz Valdiviezo, Federico\n  Antonio Guti\u00e9rrez Miceli, Joaqu\u00edn Adolfo Montes Molina, Juan Jos\u00e9 Villalobos\n  Maldonado\n  <\/td><td>\n  &nbsp;\n  <\/td><\/tr><tr><td>\n  <strong>1<\/strong>\n  <\/td><td>\n  ago-15\n  <\/td><td>\n  Anayancy Lam Guti\u00e9rrez\n  <\/td><td>\n  V\u00edctor Manuel Ru\u00edz Valdiviezo\n  <\/td><td>\n  Eduardo Raymundo Garrido Ram\u00edrez\n  <\/td><td>\n  Federico Antonio Guti\u00e9rrez Miceli, Reiner Rinc\u00f3n Rosales, Joaqu\u00edn\n  Adolfo Montes Molina, Nancy Ruiz Lau\n  <\/td><td>\n  &nbsp;\n  <\/td><\/tr><tr><td>\n  <strong>1<\/strong>\n  <\/td><td>\n  ago-15\n  <\/td><td>\n  Cristina Ch\u00e1vez S\u00e1nchez\n  <\/td><td>\n  Mart\u00edn Eduardo \u00c1vila Miranda\n  <\/td><td>\n  &nbsp;\n  <\/td><td>\n  Carlos Arias Castro, Mart\u00edn Eduardo\n  \u00c1vila Miranda, Norma Alejandra Mancilla Margalli, \n  <\/td><td>\n  &nbsp;\n  <\/td><\/tr><tr><td>\n  <strong>1<\/strong>\n  <\/td><td>\n  ago-15\n  <\/td><td>\n  Rodrigo Guillermo Mantilla Bland\u00f3n\n  <\/td><td>\n  Mart\u00edn Eduardo \u00c1vila Miranda\n  <\/td><td>\n  &nbsp;\n  <\/td><td>\n  Carlos Arias Castro, Mart\u00edn Eduardo \u00c1vila Miranda, Norma Alejandra\n  Mancilla Margalli, \n  <\/td><td>\n  &nbsp;\n  <\/td><\/tr><tr><td>\n  <strong>2<\/strong>\n  <\/td><td>\n  ene-16\n  <\/td><td>\n  Maritza Del Carmen Hern\u00e1ndez Cruz\n  <\/td><td>\n  Roc\u00edo Meza Gordillo\n  <\/td><td>\n  Zayra Julieta Dom\u00ednguez Esquivel\n  <\/td><td>\n  Juan Jos\u00e9 Villalobos Maldonado,\n  Samuel Enciso S\u00e1enz, Federico Antonio Guti\u00e9rrez Miceli\n  <\/td><td>\n  V\u00edctor Manuel Ru\u00edz Valdiviezo\n  <\/td><\/tr><tr><td>\n  <strong>2<\/strong>\n  <\/td><td>\n  ene-16\n  <\/td><td>\n  Eleac\u00edn Morales Salazar\n  <\/td><td>\n  Federico Antonio Guti\u00e9rrez Miceli\n  <\/td><td>\n  &nbsp;\n  <\/td><td>\n  Nancy Ruiz Lau, V\u00edctor Manuel Ruiz Valdiviezo, Joaqu\u00edn Adolfo Montes\n  Molina\n  <\/td><td>\n  &nbsp;\n  <\/td><\/tr><tr><td>\n  <strong>2<\/strong>\n  <\/td><td>\n  ene-16\n  <\/td><td>\n  Elizabeth \u00c1vila Reyes\n  <\/td><td>\n  Alejandra Mancilla Margalli\n  <\/td><td>\n  &nbsp;\n  <\/td><td>\n  Carlos Arias Castro, Mart\u00edn Eduardo\n  \u00c1vila Miranda, Martha Alicia Rodr\u00edguez Mendiola\n  <\/td><td>\n  &nbsp;\n  <\/td><\/tr><tr><td>\n  <strong>2<\/strong>\n  <\/td><td>\n  ene-16\n  <\/td><td>\n  Mar\u00eda De Jes\u00fas Hern\u00e1ndez Ram\u00edrez\n  <\/td><td>\n  Alejandra Mancilla Margalli\n  <\/td><td>\n  &nbsp;\n  <\/td><td>\n  Carlos Arias Castro, Mart\u00edn Eduardo \u00c1vila Miranda, Martha Alicia\n  Rodr\u00edguez Mendiola\n  <\/td><td>\n  &nbsp;\n  <\/td><\/tr><tr><td>\n  <strong>3<\/strong>\n  <\/td><td>\n  ago-16\n  <\/td><td>\n  Sheila Jazm\u00edn Reyes Zambrano\n  <\/td><td>\n  Federico Antonio Guti\u00e9rrez Miceli\n  <\/td><td>\n  Carlos Alberto Lecona Guzm\u00e1n\n  <\/td><td>\n  V\u00edctor Manuel Ruiz Valdiviezo, Nancy\n  Ruiz Lau, Joaqu\u00edn Adolfo Montes Molina\n  <\/td><td>\n  Miguel Abud Archila\n  <\/td><\/tr><tr><td>\n  <strong>3<\/strong>\n  <\/td><td>\n  ago-16\n  <\/td><td>\n  Claudia Mendoza Avenda\u00f1o \n  <\/td><td>\n  Miguel Abud Archila\n  <\/td><td>\n  &nbsp;\n  <\/td><td>\n  Sandy Luz Ovando Chac\u00f3n, Roc\u00edo Meza Gordillo, Juan Jos\u00e9 Villalobos\n  Maldonado, Joaqu\u00edn Adolfo Montes Molina, V\u00edctor Manuel Ruiz Valdiviezo\n  <\/td><td>\n  Juan Jos\u00e9 Villalobos Maldonado\n  <\/td><\/tr><tr><td>\n  <strong>3<\/strong>\n  <\/td><td>\n  ago-16\n  <\/td><td>\n  Jorge Mart\u00edn Guzm\u00e1n Albores\n  <\/td><td>\n  V\u00edctor Manuel Ruiz Valdiviezo\n  <\/td><td>\n  &nbsp;\n  <\/td><td>\n  Federico Antonio Guti\u00e9rrez Miceli,\n  Joaqu\u00edn Adolfo Montes Molina\n  <\/td><td>\n  Mar\u00eda Celina Luj\u00e1n Hidalgo\n  <\/td><\/tr><tr><td>\n  <strong>3<\/strong>\n  <\/td><td>\n  ago-16\n  <\/td><td>\n  Clara Ivette Rinc\u00f3n Molina\n  <\/td><td>\n  Reiner Rinc\u00f3n Rosales\n  <\/td><td>\n  &nbsp;\n  <\/td><td>\n  Nancy Ruiz Lau, Juan Jos\u00e9 Villalobos Maldonado, Sandy Luz Ovando\n  Chac\u00f3n\n  <\/td><td>\n  Federico Antonio Guti\u00e9rrez Miceli\n  <\/td><\/tr><tr><td>\n  <strong>3<\/strong>\n  <\/td><td>\n  ago-16\n  <\/td><td>\n  Jes\u00fas Manuel Ram\u00f3n Sierra\n  <\/td><td>\n  Carlos Arias Castro\n  <\/td><td>\n  &nbsp;\n  <\/td><td>\n  Mart\u00edn Eduardo \u00c1vila Miranda, Martha\n  Alicia Rodr\u00edguez Mendiola\n  <\/td><td>\n  &nbsp;\n  <\/td><\/tr><tr><td>\n  <strong>3<\/strong>\n  <\/td><td>\n  ago-16\n  <\/td><td>\n  Grecia Citalli Navarro Cruz\n  <\/td><td>\n  Federico Antonio Guti\u00e9rrez Miceli\n  <\/td><td>\n  &nbsp;\n  <\/td><td>\n  Nancy Ruiz Lau, Roc\u00edo Meza Gordillo\n  <\/td><td>\n  &nbsp;\n  <\/td><\/tr><tr><td>\n  <strong>3<\/strong>\n  <\/td><td>\n  ago-16\n  <\/td><td>\n  Roc\u00edo Del Pilar Serrano Ram\u00edrez \n  <\/td><td>\n  Joaqu\u00edn Adolfo Montes Molina\n  <\/td><td>\n  Luc Dendooven Vanderberkenn\n  <\/td><td>\n  V\u00edctor Manuel Ruiz Valdiviezo, Nancy\n  Ruiz Lau\n  <\/td><td>\n  Arnulfo Rosales Quintero\n  <\/td><\/tr><tr><td>\n  <strong>4<\/strong>\n  <\/td><td>\n  ene-17\n  <\/td><td>\n  Rudy Alfonso Altuzar D\u00edaz\n  <\/td><td>\n  Carlos Arias Castro\n  <\/td><td>\n  Martha Alicia Rodr\u00edguez Mendiola\n  <\/td><td>\n  Mart\u00edn Eduardo \u00c1vila Miranda, Norma Alejandra Mancilla Margalli, Jos\u00e9\n  Ernesto Olvera Gonz\u00e1lez, Ana Velia Coria T\u00e9llez \n  <\/td><td>\n  &nbsp;\n  <\/td><\/tr><tr><td>\n  <strong>4<\/strong>\n  <\/td><td>\n  ene-17\n  <\/td><td>\n  Betsy Anaid Pe\u00f1a Oca\u00f1a\n  <\/td><td>\n  V\u00edctor Manuel Ruiz Valdiviezo\n  <\/td><td>\n  &nbsp;\n  <\/td><td>\n  Federico Antonio Guti\u00e9rrez Miceli,\n  Reiner Rinc\u00f3n Rosales \n  <\/td><td>\n  Roc\u00edo Meza Gordillo\n  <\/td><\/tr><tr><td>\n  <strong>5<\/strong>\n  <\/td><td>\n  ago-17\n  <\/td><td>\n  Adalberto Zenteno Rojas\n  <\/td><td>\n  Reiner Rinc\u00f3n Rosales\n  <\/td><td>\n  Miguel \u00c1ngel Vences Guzm\u00e1n\n  <\/td><td>\n  V\u00edctor Manuel Ruiz Valdiviezo, Roc\u00edo Meza Gordillo, Juan Jos\u00e9\n  Villalobos Maldonado\n  <\/td><td>\n  Peggy Elizabeth \u00c1lvarez Guti\u00e9rrez\n  <\/td><\/tr><tr><td>\n  <strong>5<\/strong>\n  <\/td><td>\n  ago-17\n  <\/td><td>\n  Mario Alberto Alvarado De La Vega\n  <\/td><td>\n  Samuel Enciso S\u00e1enz\n  <\/td><td>\n  Jos\u00e9 Francisco Pola Albores\n  <\/td><td>\n  Roc\u00edo Meza Gordillo, Juan Jos\u00e9\n  Villalobos Maldonado\n  <\/td><td>\n  Mar\u00eda Celina Luj\u00e1n Hidalgo\n  <\/td><\/tr><tr><td>\n  <strong>5<\/strong>\n  <\/td><td>\n  ago-17\n  <\/td><td>\n  Wilbert Guti\u00e9rrez Sarmiento\n  <\/td><td>\n  V\u00edctor Manuel Ruiz Valdiviezo\n  <\/td><td>\n  Sonia Guadalupe Sayago Ayerdi\n  <\/td><td>\n  Federico Antonio Guti\u00e9rrez Miceli, Juan Jos\u00e9 Villalobos Maldonado,\n  Joaqu\u00edn Adolfo Montes Molina\n  <\/td><td>\n  Nancy Ruiz Lau\n  <\/td><\/tr><tr><td>\n  <strong>5<\/strong>\n  <\/td><td>\n  ago-17\n  <\/td><td>\n  Martha Elizabeth Due\u00f1as Jaco\n  <\/td><td>\n  Martha Rodr\u00edguez Mendiola\n  <\/td><td>\n  Carlos Arias Castro\n  <\/td><td>\n  Mart\u00edn Eduardo \u00c1vila Miranda, Juan\n  Jos\u00e9 Villalobos Maldonado, Gabriela Luna Torres, Ana Esther Jim\u00e9nez Alonso\n  <\/td><td>\n  &nbsp;\n  <\/td><\/tr><tr><td>\n  <strong>6<\/strong>\n  <\/td><td>\n  ene-18\n  <\/td><td>\n  N\u00e9stor Hugo Cruz P\u00e9rez\n  <\/td><td>\n  Reiner Rinc\u00f3n Rosales\n  <\/td><td>\n  &nbsp;\n  <\/td><td>\n  Nancy Ruiz Lau, Juan Jos\u00e9 Villalobos Maldonado\n  <\/td><td>\n  Federico Antonio Guti\u00e9rrez Miceli\n  <\/td><\/tr><tr><td>\n  <strong>6<\/strong>\n  <\/td><td>\n  ene-18\n  <\/td><td>\n  Valent\u00edn P\u00e9rez Hern\u00e1ndez\n  <\/td><td>\n  Joaqu\u00edn Adolfo Montes Molina\n  <\/td><td>\n  Luc Dendooven Vanderberkenn\n  <\/td><td>\n  V\u00edctor Manuel Ruiz Valdiviezo,\n  Federico Antonio Guti\u00e9rrez Miceli\n  <\/td><td>\n  Arnulfo Rosales Quintero\n  <\/td><\/tr><tr><td>\n  <strong>7<\/strong>\n  <\/td><td>\n  ago-18\n  <\/td><td>\n  Esther Candelaria Mart\u00ednez Molina\n  <\/td><td>\n  Miguel Abud Archila\n  <\/td><td>\n  Yolanda Freile Pelegrin\n  <\/td><td>\n  Sandy Luz Ovando Chac\u00f3n, Federico Antonio Guti\u00e9rrez Miceli\n  <\/td><td>\n  &nbsp;Juan Jos\u00e9 Villalobos Maldonado\n  <\/td><\/tr><tr><td>\n  <strong>7<\/strong>\n  <\/td><td>\n  ago-18\n  <\/td><td>\n  Lina Dafne S\u00e1nchez Corzo\n  <\/td><td>\n  Samuel Enciso S\u00e1enz\n  <\/td><td>\n  &nbsp;\n  <\/td><td>\n  Peggy Elizabeth \u00c1lvarez Guti\u00e9rrez,\n  Roc\u00edo Meza Gordillo\n  <\/td><td>\n  Joaqu\u00edn Adolfo Montes Molina\n  <\/td><\/tr><tr><td>\n  <strong>7<\/strong>\n  <\/td><td>\n  ago-18\n  <\/td><td>\n  C\u00e9sar Antonio Figueroa Chac\u00f3n\n  <\/td><td>\n  Nancy Ruiz Lau\n  <\/td><td>\n  Mar\u00eda Goretty Caamal Chan\n  <\/td><td>\n  V\u00edctor Manuel Ruiz Valdiviezo, Joaqu\u00edn Adolfo Montes Molina, Rosa\n  Isela Cruz Rodr\u00edguez\n  <\/td><td>\n  Roc\u00edo Meza Gordillo\n  <\/td><\/tr><tr><td>\n  <strong>7<\/strong>\n  <\/td><td>\n  ago-18\n  <\/td><td>\n  Daniel Casta\u00f1eda Valbuena \n  <\/td><td>\n  Roc\u00edo Meza Gordillo\n  <\/td><td>\n  Teresa Del Rosario Ayora Talavera\n  <\/td><td>\n  Mar\u00eda Celina Luj\u00e1n Hidalgo, Peggy Elizabeth\n  \u00c1lvarez Guti\u00e9rrez\n  <\/td><td>\n  Reiner Rinc\u00f3n Rosales\n  <\/td><\/tr><tr><td>\n  <strong>8<\/strong>\n  <\/td><td>\n  ene-19\n  <\/td><td>\n  Jorge Iv\u00e1n Ram\u00edrez P\u00e9rez\n  <\/td><td>\n  Miguel Abud Archila\n  <\/td><td>\n  Alicia Grajales Lagunes\n  <\/td><td>\n  Sandy Luz Ovando Chac\u00f3n, Peggy E. \u00c1lvarez Guti\u00e9rrez, Mar\u00eda Celina\n  Luj\u00e1n Hidalgo\n  <\/td><td>\n  Reiner Rinc\u00f3n Rosales\n  <\/td><\/tr><tr><td>\n  <strong>8<\/strong>\n  <\/td><td>\n  ene-19\n  <\/td><td>\n  N\u00e9stor Isidro Rinc\u00f3n Catal\u00e1n\n  <\/td><td>\n  Juan Jos\u00e9 Villalobos Maldonado \n  <\/td><td>\n  &nbsp;\n  <\/td><td>\n  Roc\u00edo Meza Gordillo, Miguel Abud\n  Archila, Sandy Luz Ovando Chac\u00f3n\n  <\/td><td>\n  Nancy Ruiz Lau\n  <\/td><\/tr><tr><td>\n  <strong>8<\/strong>\n  <\/td><td>\n  ene-19\n  <\/td><td>\n  Jos\u00e9 Alfredo Santiz G\u00f3mez \n  <\/td><td>\n  Federico Antonio Guti\u00e9rrez Miceli\n  <\/td><td>\n  Miguel Abud Archila \n  <\/td><td>\n  V\u00edctor Manuel Ruiz Valdiviezo, Mar\u00eda Celina Luj\u00e1n Hidalgo, Nancy Ruiz\n  Lau\n  <\/td><td>\n  Arnulfo Rosales Quintero\n  <\/td><\/tr><tr><td>\n  <strong>9<\/strong>\n  <\/td><td>\n  ago-19\n  <\/td><td>\n  Jos\u00e9 Gregorio Joya D\u00e1vila\n  <\/td><td>\n  Federico Antonio Guti\u00e9rrez Miceli\n  <\/td><td>\n  Benigno Ruiz Sesma \n  <\/td><td>\n  V\u00edctor Manuel Ruiz Valdiviezo, Mar\u00eda\n  Celina Luj\u00e1n Hidalgo\n  <\/td><td>\n  Juan Jos\u00e9 Villalobos Maldonado\n  <\/td><\/tr><tr><td>\n  <strong>9<\/strong>\n  <\/td><td>\n  ago-19\n  <\/td><td>\n  Laura Isabel Arias Rodr\u00edguez\n  <\/td><td>\n  Federico Antonio Guti\u00e9rrez Miceli\n  <\/td><td>\n  &nbsp;\n  <\/td><td>\n  Mar\u00eda Celina Luj\u00e1n Hidalgo, Juan Jos\u00e9 Villalobos Maldonado\n  <\/td><td>\n  Rosa Isela Cruz Rodr\u00edguez\n  <\/td><\/tr><tr><td>\n  <strong>9<\/strong>\n  <\/td><td>\n  ago-19\n  <\/td><td>\n  Esteban Gaona S\u00e1nchez\n  <\/td><td>\n  Norma Alejandra Mancilla Margalli\n  <\/td><td>\n  Juan Alberto Osuna Castro\n  <\/td><td>\n  Mart\u00edn Eduardo \u00c1vila Miranda, Carlos\n  Arias Castro, H\u00e9ctor Flores Mart\u00ednez, Miguel \u00c1ngel Segura Castruita\n  <\/td><td>\n  &nbsp;\n  <\/td><\/tr><tr><td>\n  <strong>10<\/strong>\n  <\/td><td>\n  ene-20\n  <\/td><td>\n  Lourdes Yaret Ortiz Cortes\n  <\/td><td>\n  Peggy Elizabeth \u00c1lvarez Guti\u00e9rrez\n  <\/td><td>\n  &nbsp;\n  <\/td><td>\n  V\u00edctor Manuel Ruiz Valdiviezo, Federico Antonio Guti\u00e9rrez Miceli,\n  Miguel Abud Archila\n  <\/td><td>\n  Samuel Enciso S\u00e1enz\n  <\/td><\/tr><tr><td>\n  <strong>10<\/strong>\n  <\/td><td>\n  ene-20\n  <\/td><td>\n  Cesar Iv\u00e1n Ovando Ovando\n  <\/td><td>\n  V\u00edctor Manuel Ruiz Valdiviezo\n  <\/td><td>\n  &nbsp;\n  <\/td><td>\n  Reiner Rinc\u00f3n Rosales, Federico\n  Antonio Guti\u00e9rrez Miceli\n  <\/td><td>\n  Nancy Ruiz Lau\n  <\/td><\/tr><tr><td>\n  <strong>10<\/strong>\n  <\/td><td>\n  ene-20\n  <\/td><td>\n  Mar\u00eda Concepci\u00f3n Vel\u00e1zquez Gamboa\n  <\/td><td>\n  Mar\u00eda Celina Luj\u00e1n Hidalgo\n  <\/td><td>\n  Ludwi Rodr\u00edguez Hern\u00e1ndez\n  <\/td><td>\n  V\u00edctor Manuel Ruiz Valdiviezo, Federico Antonio Guti\u00e9rrez Miceli,\n  Miguel Abud Archila\n  <\/td><td>\n  Nancy Ruiz Lau\n  <\/td><\/tr><tr><td>\n  <strong>10<\/strong>\n  <\/td><td>\n  ene-20\n  <\/td><td>\n  Irving Oswaldo Vel\u00e1zquez R\u00edos\n  <\/td><td>\n  V\u00edctor Manuel Ru\u00edz Valdiviezo\n  <\/td><td>\n  Roc\u00edo Jetzabel Alc\u00e1ntara Hern\u00e1ndez\n  <\/td><td>\n  Reiner Rinc\u00f3n Rosales, Federico\n  Antonio Guti\u00e9rrez Miceli\n  <\/td><td>\n  Roc\u00edo Meza Gordillo\n  <\/td><\/tr><tr><td>\n  <strong>11<\/strong>\n  <\/td><td>\n  ago-20\n  <\/td><td>\n  Rogelio Solorzano Toal\u00e1\n  <\/td><td>\n  Federico Antonio Guti\u00e9rrez Miceli\n  <\/td><td>\n  &nbsp;\n  <\/td><td>\n  V\u00edctor Manuel Ruiz Valdiviezo, Joaqu\u00edn Adolfo Montes Molina\n  <\/td><td>\n  Sandy Luz Ovando Chac\u00f3n\n  <\/td><\/tr><tr><td>\n  <strong>12<\/strong>\n  <\/td><td>\n  ene-21\n  <\/td><td>\n  Ferm\u00edn Jonap\u00e1 Hern\u00e1ndez\n  <\/td><td>\n  Mar\u00eda Celina Luj\u00e1n Hidalgo\n  <\/td><td>\n  Beatriz Del Carmen Couder Garc\u00eda\n  <\/td><td>\n  Federico Antonio Guti\u00e9rrez Miceli,\n  Joaqu\u00edn Adolfo Montes Molina\n  <\/td><td>\n  Arnulfo Rosales Quintero\n  <\/td><\/tr><tr><td>\n  <strong>12<\/strong>\n  <\/td><td>\n  ene-21\n  <\/td><td>\n  Karen Alejandra Ol\u00e1n Jim\u00e9nez\n  <\/td><td>\n  Rosa Isela Cruz Rodr\u00edguez\n  <\/td><td>\n  Beatriz Del Carmen Couder Garc\u00eda\n  <\/td><td>\n  Nancy Ruiz Lau, V\u00edctor Manuel Ruiz Valdiviezo\n  <\/td><td>\n  Roc\u00edo Meza Gordillo\n  <\/td><\/tr><tr><td>\n  <strong>13<\/strong>\n  <\/td><td>\n  ago-21\n  <\/td><td>\n  Blanca Olivia Trejo Paniagua\n  <\/td><td>\n  Nancy Ruiz Lau\n  <\/td><td>\n  Mar\u00eda Goretty Caamal Chan\n  <\/td><td>\n  Rosa Isela Cruz Rodr\u00edguez, V\u00edctor\n  Manuel Ruiz Valdiviezo\n  <\/td><td>\n  Arnulfo Rosales Quintero\n  <\/td><\/tr><tr><td>\n  <strong>14<\/strong>\n  <\/td><td>\n  ene-22\n  <\/td><td>\n  Ana Martin Santos Espinoza\n  <\/td><td>\n  Federico Antonio Guti\u00e9rrez Miceli\n  <\/td><td>\n  &nbsp;\n  <\/td><td>\n  Mar\u00eda Celina Luj\u00e1n Hidalgo<br>\n  Miguel Abud Archila<br>\n  Jorge Luis Ca\u00f1as Anzueto\n  <\/td><td>\n  Peggy Elizabeth \u00c1lvarez Guti\u00e9rrez \n  <\/td><\/tr><tr><td>\n  <strong>14<\/strong>\n  <\/td><td>\n  ene-22\n  <\/td><td>\n  Luis Alberto Manzano Gomez\n  <\/td><td>\n  Reiner Rinc\u00f3n Rosales\n  <\/td><td>\n  Clara Ivette Rinc\u00f3n Molina\n  <\/td><td>\n  V\u00edctor Manuel Ru\u00edz Valdiviezo<br>\n  Nancy Ru\u00edz Lau<br>\n  Juan Jos\u00e9 Villalobos Maldonado\n  <\/td><td>\n  Samuel Enciso S\u00e1enz\n  <\/td><\/tr><tr><td>\n  <strong>14<\/strong>\n  <\/td><td>\n  ene-22\n  <\/td><td>\n  Adriana Gen Jimenez\n  <\/td><td>\n  Reiner Rinc\u00f3n Rosales\n  <\/td><td>\n  Clara Ivette Rinc\u00f3n Molina\n  <\/td><td>\n  V\u00edctor Manuel Ru\u00edz Valdiviezo<br>\n  Nancy Ru\u00edz Lau<br>\n  Juan Jos\u00e9 Villalobos Maldonado\n  <\/td><td>\n  Roc\u00edo Meza Gordillo\n  <\/td><\/tr><tr><td>\n  <strong>14<\/strong>\n  <\/td><td>\n  ene-22\n  <\/td><td>\n  Nancy Abril Martinez Lopez\n  <\/td><td>\n  V\u00edctor Manuel Ru\u00edz Valdiviezo\n  <\/td><td>\n  &nbsp;\n  <\/td><td>\n  Federico Antonio Guti\u00e9rrez Miceli<br>\n  Reiner Rinc\u00f3n Rosales\n  <\/td><td>\n  Samuel Enciso S\u00e1enz\n  <\/td><\/tr><tr><td>\n  <strong>14<\/strong>\n  <\/td><td>\n  ene-22\n  <\/td><td>\n  Sugey V\u00e1zquez Hern\u00e1ndez\n  <\/td><td>\n  Joaqu\u00edn Adolfo Montes Molina\n  <\/td><td>\n  Carlos Alberto Lecona Guzm\u00e1n\n  <\/td><td>\n  Nancy Ruiz Lau<br>\n  Federico Antonio Guti\u00e9rrez Miceli<br>\n  V\u00edctor Manuel Ruiz Valdiviezo\n  <\/td><td>\n  Sandy Luz Ovando Chac\u00f3n\n  <\/td><\/tr><tr><td>\n  <strong>15<\/strong>\n  <\/td><td>\n  ago-22\n  <\/td><td>\n  Jorge Benjam\u00edn Diaz L\u00f3pez\n  <\/td><td>\n  Roc\u00edo Meza Gordillo\n  <\/td><td>\n  Jorge Luis Camas Anzueto\n  <\/td><td>\n  Peggy Elizabeth \u00c1lvarez Guti\u00e9rrez,\n  Mar\u00eda Celina Luj\u00e1n Hidalgo\n  <\/td><td>\n  Nancy Ruiz Lau\n  <\/td><\/tr><tr><td>\n  <strong>16<\/strong>\n  <\/td><td>\n  ene-23\n  <\/td><td>\n  Enna Berenice Estudillo Diaz\n  <\/td><td>\n  Miguel Abud Archila\n  <\/td><td>\n  Geonel Rodr\u00edguez Gattorno\n  <\/td><td>\n  Roc\u00edo Meza Gordillo<br>\n  Mar\u00eda Celina Luj\u00e1n Hidalgo<br>\n  Federico Antonio Guti\u00e9rrez Miceli\n  <\/td><td>\n  Rosa Isela Cruz Rodr\u00edguez\n  <\/td><\/tr><tr><td>\n  <strong>16<\/strong>\n  <\/td><td>\n  ene-23\n  <\/td><td>\n  Aurora Anah\u00ed Ocampo Zaragoza\n  <\/td><td>\n  Miguel Abud Archila\n  <\/td><td>\n  Alicia Grajales Lagunes\n  <\/td><td>\n  Sandy Luz Ovando Chac\u00f3n <br>\n  Mar\u00eda Celina Luj\u00e1n Hidalgo<br>\n  V\u00edctor Manuel Ru\u00edz Valdiviezo \n  <\/td><td>\n  Samuel Enciso S\u00e1enz\n  <\/td><\/tr><tr><td>\n  <strong>16<\/strong>\n  <\/td><td>\n  ene-23\n  <\/td><td>\n  Arturo Pe\u00f1a Blassi\n  <\/td><td>\n  Peggy Elizabeth \u00c1lvarez Guti\u00e9rrez\n  <\/td><td>\n  V\u00edctor Manuel Ru\u00edz Valdiviezo\n  <\/td><td>\n  Nancy Ruiz Lau<br>\n  Joaqu\u00edn Adolfo Montes Molina\n  <\/td><td>\n  Rosa Isela Cruz Rodr\u00edguez\n  <\/td><\/tr><tr><td>\n  <strong>16<\/strong>\n  <\/td><td>\n  ene-23\n  <\/td><td>\n  Delmar Ernesto L\u00f3pez Quiroz\n  <\/td><td>\n  Arnulfo Rosales Quintero\n  <\/td><td>\n  Samuel Enciso S\u00e1enz\n  <\/td><td>\n  Peggy Elizabeth \u00c1lvarez\n  Guti\u00e9rrez&nbsp;&nbsp;&nbsp; Juan Jos\u00e9 Villalobos\n  Maldonado\n  <\/td><td>\n  Federico Antonio Guti\u00e9rrez Miceli\n  <\/td><\/tr><tr><td>\n  <strong>16<\/strong>\n  <\/td><td>\n  ene-23\n  <\/td><td>\n  Kelly Del Carmen Cruz Salom\u00f3n\n  <\/td><td>\n  Rosa Isela Cruz Rodr\u00edguez\n  <\/td><td>\n  Josu\u00e9 Vidal Espinosa Ju\u00e1rez\n  <\/td><td>\n  Nancy Ruiz Lau<br>\n  Joaqu\u00edn Adolfo Montes Molina\n  <\/td><td>\n  Juan Jos\u00e9 Villalobos Maldonado\n  <\/td><\/tr><tr><td>\n  <strong>16<\/strong>\n  <\/td><td>\n  ene-23\n  <\/td><td>\n  Andy Jarenni G\u00f3mez Valdez\n  <\/td><td>\n  Sandy Luz Ovando Chac\u00f3n\n  <\/td><td>\n  &nbsp;\n  <\/td><td>\n  Roc\u00edo Meza Gordillo<br>\n  Miguel Abud Archila\n  <\/td><td>\n  V\u00edctor Manuel Ru\u00edz Valdiviezo\n  <\/td><\/tr><tr><td>\n  <strong>16<\/strong>\n  <\/td><td>\n  ene-23\n  <\/td><td>\n  Josu\u00e9 Alegr\u00eda G\u00f3mez\n  <\/td><td>\n  V\u00edctor Manuel Ru\u00edz Valdiviezo\n  <\/td><td>\n  &nbsp;\n  <\/td><td>\n  Reiner Rinc\u00f3n Rosales<br>\n  Arnulfo Rosales Quintero\n  <\/td><td>\n  Mar\u00eda Celina Luj\u00e1n Hidalgo\n  <\/td><\/tr><tr><td>\n  <strong>16<\/strong>\n  <\/td><td>\n  ene-23\n  <\/td><td>\n  Mar\u00eda Candelaria Morales Ruiz\n  <\/td><td>\n  Mar\u00eda Celina Luj\u00e1n Hidalgo\n  <\/td><td>\n  Nadia Judith Jacobo Herrera\n  <\/td><td>\n  Roc\u00edo Meza Gordillo<br>\n  Federico Antonio Guti\u00e9rrez Miceli<br>\n  Miguel Abud Archila\n  <\/td><td>\n  Joaqu\u00edn Adolfo Montes Molina\n  <\/td><\/tr><tr><td>\n  <strong>17<\/strong>\n  <\/td><td>\n  ago-23\n  <\/td><td>\n  Eugenia Del Carmen Le\u00f3n Jim\u00e9nez\n  <\/td><td>\n  Federico Antonio Guti\u00e9rrez Miceli\n  <\/td><td>\n  Esa\u00fa Ru\u00edz S\u00e1nchez\n  <\/td><td>\n  Mar\u00eda Celina Lujan Hidalgo<br>\n  Joaqu\u00edn Adolfo Molina Montes\n  <\/td><td>\n  Samuel Enciso S\u00e1enz\n  <\/td><\/tr><tr><td>\n  <strong>17<\/strong>\n  <\/td><td>\n  ago-23\n  <\/td><td>\n  Saidy Monjaraz Penn\n  <\/td><td>\n  Peggy Elizabeth \u00c1lvarez Guti\u00e9rrez\n  <\/td><td><\/td><td>\n  Roc\u00edo Meza Gordillo<br>\n  Mar\u00eda Celina Luj\u00e1n Hidalgo<br>\n  Arnulfo Rosales Quintero\n  <\/td><td>\n  Juan Jos\u00e9 Villalobos Maldonado\n  <\/td><\/tr><tr><td>\n  <strong>17<\/strong>\n  <\/td><td>\n  ago-23\n  <\/td><td>\n  Julio Cesar Maldonado G\u00f3mez\n  <\/td><td>\n  Reiner Rinc\u00f3n Rosales\n  <\/td><td>\n  Clara Ivette Rinc\u00f3n Molina\n  <\/td><td>\n  V\u00edctor Manuel Ru\u00edz Valdiviezo<br>\n  Nancy Ru\u00edz Lau<br>\n  Juan Jos\u00e9 Villalobos Maldonado\n  <\/td><td>\n  Peggy Elizabeth \u00c1lvarez Guti\u00e9rrez\n  <\/td><\/tr><tr><td>\n  <strong>19<\/strong>\n  <\/td><td>\n  ago-24\n  <\/td><td>\n  Daniel Eduardo \u00c1vila \u00c1vila\n  <\/td><td>\n  Martha Alicia Rodr\u00edguez Mendiola\n  <\/td><td>\n  &nbsp;\n  <\/td><td>\n  Carlos Arias Castro, Mart\u00edn Eduardo\n  \u00c1vila Miranda, Norma Alejandra Mancilla Margalli, \n  <\/td><td>\n  Rosa Isela Cruz Rodr\u00edguez\n  <\/td><\/tr><tr><td>\n  <strong>20<\/strong>\n  <\/td><td>\n  ene-25\n  <\/td><td>\n  Rodrigo Guti\u00e9rrez Santiago\n  <\/td><td>\n  Roc\u00edo Meza Gordillo \n  <\/td><td>\n  &nbsp;\n  <\/td><td>\n  Samuel Enciso S\u00e1enz <br>\n  Mar\u00eda Celina Luj\u00e1n Hidalgo, Rosa Isela Cruz Rodr\u00edguez\n  <\/td><td>\n  Juan Jos\u00e9 Villalobos Maldonado\n  <\/td><\/tr><tr><td>\n  <strong>20<\/strong>\n  <\/td><td>\n  ene-25\n  <\/td><td>\n  Eder Armando Caballero Moreno\n  <\/td><td>\n  Roc\u00edo Meza Gordillo\n  <\/td><td>\n  &nbsp;Mar\u00eda Cristina Velasquillo\n  Mart\u00ednez\n  <\/td><td>\n  Rosa Isela Cruz Rodr\u00edguez<br>\n  Mar\u00eda Celina Luj\u00e1n Hidalgo, Samuel Enciso S\u00e1enz\n  <\/td><td>\n  Nancy Ru\u00edz Lau\n  <\/td><\/tr><tr><td>\n  <strong>20<\/strong>\n  <\/td><td>\n  ene-25\n  <\/td><td>\n  Rony Obed Suchiapa Diaz\n  <\/td><td>\n  V\u00edctor Manuel Ru\u00edz Valdiviezo \n  <\/td><td>\n  &nbsp;\n  <\/td><td>\n  Reiner Rinc\u00f3n Rosales <br>\n  Federico Antonio Guti\u00e9rrez Miceli, Roc\u00edo Meza Gordillo\n  <\/td><td>\n  Mar\u00eda Celina Luj\u00e1n Hidalgo\n  <\/td><\/tr><tr><td>\n  <strong>20<\/strong>\n  <\/td><td>\n  ene-25\n  <\/td><td>\n  Pedro Antonio Dom\u00ednguez Zarate\n  <\/td><td>\n  Mar\u00eda Celina Luj\u00e1n Hidalgo\n  <\/td><td>\n  Ludwi Rodr\u00edguez Hern\u00e1ndez\n  <\/td><td>\n  Miguel Abud Archila, Sandy Luz Ovando\n  Chac\u00f3n \n  <\/td><td>\n  Reiner Rinc\u00f3n Rosales\n  <\/td><\/tr><tr><td>\n  <strong>21<\/strong>\n  <\/td><td>\n  ago-25\n  <\/td><td>\n  Silvia Monserrat Morales Hern\u00e1ndez\n  <\/td><td>\n  Juan Jos\u00e9 Villalobos Maldonado \n  <\/td><td>\n  &nbsp;\n  <\/td><td>\n  Samuel Enciso S\u00e1enz <br>\n  Roc\u00edo Meza Gordillo, Miguel Abud Archila\n  <\/td><td>\n  V\u00edctor Manuel Ruiz Valdiviezo \n  <\/td><\/tr><tr><td>\n  <strong>21<\/strong>\n  <\/td><td>\n  ago-25\n  <\/td><td>\n  Michelle Ivonne Pereyra Arroyo\n  <\/td><td>\n  Joaqu\u00edn Adolfo Montes Molina\n  <\/td><td>\n  &nbsp;\n  <\/td><td>\n  Nancy Ruiz Lau, V\u00edctor Manuel Ruiz\n  Valdiviezo, Jos\u00e9 Alfredo Santiz G\u00f3mez\n  <\/td><td>\n  Arnulfo Rosales Quintero\n  <\/td><\/tr><tr><td>\n  <strong>21<\/strong>\n  <\/td><td>\n  ago-25\n  <\/td><td>\n  Wendy Paulet Moreno C\u00f3rdova\n  <\/td><td>\n  Samuel Enciso S\u00e1enz \n  <\/td><td>\n  &nbsp;\n  <\/td><td>\n  Roc\u00edo Meza Gordillo <br>\n  Nancy Ruiz Lau, Juan Jos\u00e9 Villalobos Maldonado\n  <\/td><td>\n  Joaqu\u00edn Adolfo Montes Molina \n  <\/td><\/tr><tr><td>\n  <strong>21<\/strong>\n  <\/td><td>\n  ago-25\n  <\/td><td>\n  Jos\u00e9 Ariosto Moreno P\u00e9rez\n  <\/td><td>\n  Juan Jos\u00e9 Villalobos Maldonado \n  <\/td><td>\n  &nbsp;\n  <\/td><td>\n  Samuel Enciso S\u00e1enz <br>\n  Reiner Rinc\u00f3n Rosales, V\u00edctor Manuel Ruiz Valdiviezo\n  <\/td><td>\n  Nancy Ruiz Lau\n  <\/td><\/tr><\/tbody><\/table><\/figure>\n","protected":false},"excerpt":{"rendered":"<p># Gen. Per\u00edodo de Ingreso Estudiante Nombre del Director (a) de Tesis Nombre del Co-Director (a) de Tesis&nbsp; Asesores internos Nombre del Tutor 1 ago-15 Paola Tayd\u00e9 V\u00e1zquez Villegas Roc\u00edo Meza Gordillo &nbsp; V\u00edctor Manuel Ruiz Valdiviezo, Federico Antonio Guti\u00e9rrez Miceli, Joaqu\u00edn Adolfo Montes Molina, Juan Jos\u00e9 Villalobos Maldonado &nbsp; 1 ago-15 Anayancy Lam Guti\u00e9rrez&#8230;<\/p>\n<p><a href=\"https:\/\/www.tuxtla.tecnm.mx\/dcab\/tutoria\/\"><span class=\"glyphicon glyphicon-arrow-right\"><\/span>&nbsp;Seguir leyendo<\/a><\/p>","protected":false},"author":5,"featured_media":0,"parent":0,"menu_order":0,"comment_status":"closed","ping_status":"closed","template":"","meta":{"footnotes":""},"class_list":["post-23779","page","type-page","status-publish","hentry"],"_links":{"self":[{"href":"https:\/\/www.tuxtla.tecnm.mx\/dcab\/wp-json\/wp\/v2\/pages\/23779","targetHints":{"allow":["GET"]}}],"collection":[{"href":"https:\/\/www.tuxtla.tecnm.mx\/dcab\/wp-json\/wp\/v2\/pages"}],"about":[{"href":"https:\/\/www.tuxtla.tecnm.mx\/dcab\/wp-json\/wp\/v2\/types\/page"}],"author":[{"embeddable":true,"href":"https:\/\/www.tuxtla.tecnm.mx\/dcab\/wp-json\/wp\/v2\/users\/5"}],"replies":[{"embeddable":true,"href":"https:\/\/www.tuxtla.tecnm.mx\/dcab\/wp-json\/wp\/v2\/comments?post=23779"}],"version-history":[{"count":2,"href":"https:\/\/www.tuxtla.tecnm.mx\/dcab\/wp-json\/wp\/v2\/pages\/23779\/revisions"}],"predecessor-version":[{"id":23854,"href":"https:\/\/www.tuxtla.tecnm.mx\/dcab\/wp-json\/wp\/v2\/pages\/23779\/revisions\/23854"}],"wp:attachment":[{"href":"https:\/\/www.tuxtla.tecnm.mx\/dcab\/wp-json\/wp\/v2\/media?parent=23779"}],"curies":[{"name":"wp","href":"https:\/\/api.w.org\/{rel}","templated":true}]}}