{"id":23776,"date":"2025-11-12T13:48:53","date_gmt":"2025-11-12T18:48:53","guid":{"rendered":"https:\/\/www.tuxtla.tecnm.mx\/dcab\/?page_id=23776"},"modified":"2025-11-12T14:49:07","modified_gmt":"2025-11-12T19:49:07","slug":"requisitos-de-egreso","status":"publish","type":"page","link":"https:\/\/www.tuxtla.tecnm.mx\/dcab\/requisitos-de-egreso\/","title":{"rendered":"Requisitos de Egreso"},"content":{"rendered":"\n<p>Para\nobtener la autorizaci\u00f3n de impresi\u00f3n de tesis emitida por la jefatura de la\nDEPI, a solicitud del Comit\u00e9 Tutorial, deber\u00e1 entregar a la Coordinaci\u00f3n del\nDCAyB los siguientes documentos.<\/p>\n\n\n\n<ol class=\"wp-block-list\"><li>La versi\u00f3n final de la tesis en formato PDF<ul><li>La portada de Tesis con la firma de visto bueno del comit\u00e9 tutorial en formato PDF.<\/li><li>Carta de originalidad firmada por el director(a) de tesis que avale una similitud total con otros trabajos menor al 30%, previa verificaci\u00f3n en el software oficial para tal prop\u00f3sito.<\/li><li>El an\u00e1lisis de similitud no mayor al 30%, utilizando un software antiplagio, en formato PDF.<\/li><li>Art\u00edculo publicado o carta de aceptaci\u00f3n del art\u00edculo en una revista JCR o revista SECIHTI derivado directamente del proyecto de investigaci\u00f3n doctoral.<\/li><li>Comprobante oficial vigente (menor a 2 a\u00f1os) de dominio de un segundo idioma (TOEFL) con un puntaje m\u00ednimo de 500 puntos. Pudi\u00e9ndose considerar la acreditaci\u00f3n de lenguas originarias. <\/li><li>Constancia de participaci\u00f3n en un congreso como ponente en donde sea evidente que se hayan expuesto resultados directos del proyecto de investigaci\u00f3n doctoral.<\/li><li>Comprobante de la realizaci\u00f3n de dos actividades de retribuci\u00f3n social.<\/li><li>Carta de cesi\u00f3n de derechos con firma aut\u00f3grafa del alumno.<\/li><li>Perfil \u00fanico SECIHTI actualizado en formato PDF.<\/li><li>Comprobante de no adeudo de materiales en los laboratorios del ITTG.<\/li><\/ul><\/li><\/ol>\n\n\n\n<p>\n\nLos requisitos acad\u00e9micos\nmencionados anteriormente ser\u00e1n supervisados con apoyo de la Coordinaci\u00f3n del\nprograma y el aval de la Jefatura de la DEPI. Mientras que los requisitos\nadministrativos ser\u00e1n responsabilidad del Departamento de Servicios Escolares\n\n\n\n<\/p>\n","protected":false},"excerpt":{"rendered":"<p>Para obtener la autorizaci\u00f3n de impresi\u00f3n de tesis emitida por la jefatura de la DEPI, a solicitud del Comit\u00e9 Tutorial, deber\u00e1 entregar a la Coordinaci\u00f3n del DCAyB los siguientes documentos. La versi\u00f3n final de la tesis en formato PDF La portada de Tesis con la firma de visto bueno del comit\u00e9 tutorial en formato PDF&#8230;.<\/p>\n<p><a href=\"https:\/\/www.tuxtla.tecnm.mx\/dcab\/requisitos-de-egreso\/\"><span class=\"glyphicon glyphicon-arrow-right\"><\/span>&nbsp;Seguir leyendo<\/a><\/p>","protected":false},"author":5,"featured_media":0,"parent":0,"menu_order":0,"comment_status":"closed","ping_status":"closed","template":"","meta":{"footnotes":""},"class_list":["post-23776","page","type-page","status-publish","hentry"],"_links":{"self":[{"href":"https:\/\/www.tuxtla.tecnm.mx\/dcab\/wp-json\/wp\/v2\/pages\/23776","targetHints":{"allow":["GET"]}}],"collection":[{"href":"https:\/\/www.tuxtla.tecnm.mx\/dcab\/wp-json\/wp\/v2\/pages"}],"about":[{"href":"https:\/\/www.tuxtla.tecnm.mx\/dcab\/wp-json\/wp\/v2\/types\/page"}],"author":[{"embeddable":true,"href":"https:\/\/www.tuxtla.tecnm.mx\/dcab\/wp-json\/wp\/v2\/users\/5"}],"replies":[{"embeddable":true,"href":"https:\/\/www.tuxtla.tecnm.mx\/dcab\/wp-json\/wp\/v2\/comments?post=23776"}],"version-history":[{"count":2,"href":"https:\/\/www.tuxtla.tecnm.mx\/dcab\/wp-json\/wp\/v2\/pages\/23776\/revisions"}],"predecessor-version":[{"id":23852,"href":"https:\/\/www.tuxtla.tecnm.mx\/dcab\/wp-json\/wp\/v2\/pages\/23776\/revisions\/23852"}],"wp:attachment":[{"href":"https:\/\/www.tuxtla.tecnm.mx\/dcab\/wp-json\/wp\/v2\/media?parent=23776"}],"curies":[{"name":"wp","href":"https:\/\/api.w.org\/{rel}","templated":true}]}}