{"id":23773,"date":"2025-11-12T13:47:46","date_gmt":"2025-11-12T18:47:46","guid":{"rendered":"https:\/\/www.tuxtla.tecnm.mx\/dcab\/?page_id=23773"},"modified":"2025-11-12T14:36:35","modified_gmt":"2025-11-12T19:36:35","slug":"matricula","status":"publish","type":"page","link":"https:\/\/www.tuxtla.tecnm.mx\/dcab\/matricula\/","title":{"rendered":"Matr\u00edcula"},"content":{"rendered":"\n<p>El n\u00famero de matr\u00edcula lo asigna el Departamento de Servicios Escolares cuando el estudiante se ha registrado formalmente en el sistema y ha completado el proceso de inscripci\u00f3n. <\/p>\n\n\n\n<p><\/p>\n\n\n\n<p>El n\u00famero de matr\u00edcula se le notifica al estudiante a trav\u00e9s de la coordinaci\u00f3n del programa. Este n\u00famero es utilizado para identificarlo en el sistema institucional y realizar tr\u00e1mites administrativos.<\/p>\n","protected":false},"excerpt":{"rendered":"<p>El n\u00famero de matr\u00edcula lo asigna el Departamento de Servicios Escolares cuando el estudiante se ha registrado formalmente en el sistema y ha completado el proceso de inscripci\u00f3n. El n\u00famero de matr\u00edcula se le notifica al estudiante a trav\u00e9s de la coordinaci\u00f3n del programa. Este n\u00famero es utilizado para identificarlo en el sistema institucional y&#8230;<\/p>\n<p><a href=\"https:\/\/www.tuxtla.tecnm.mx\/dcab\/matricula\/\"><span class=\"glyphicon glyphicon-arrow-right\"><\/span>&nbsp;Seguir leyendo<\/a><\/p>","protected":false},"author":5,"featured_media":0,"parent":0,"menu_order":0,"comment_status":"closed","ping_status":"closed","template":"","meta":{"footnotes":""},"class_list":["post-23773","page","type-page","status-publish","hentry"],"_links":{"self":[{"href":"https:\/\/www.tuxtla.tecnm.mx\/dcab\/wp-json\/wp\/v2\/pages\/23773","targetHints":{"allow":["GET"]}}],"collection":[{"href":"https:\/\/www.tuxtla.tecnm.mx\/dcab\/wp-json\/wp\/v2\/pages"}],"about":[{"href":"https:\/\/www.tuxtla.tecnm.mx\/dcab\/wp-json\/wp\/v2\/types\/page"}],"author":[{"embeddable":true,"href":"https:\/\/www.tuxtla.tecnm.mx\/dcab\/wp-json\/wp\/v2\/users\/5"}],"replies":[{"embeddable":true,"href":"https:\/\/www.tuxtla.tecnm.mx\/dcab\/wp-json\/wp\/v2\/comments?post=23773"}],"version-history":[{"count":2,"href":"https:\/\/www.tuxtla.tecnm.mx\/dcab\/wp-json\/wp\/v2\/pages\/23773\/revisions"}],"predecessor-version":[{"id":23849,"href":"https:\/\/www.tuxtla.tecnm.mx\/dcab\/wp-json\/wp\/v2\/pages\/23773\/revisions\/23849"}],"wp:attachment":[{"href":"https:\/\/www.tuxtla.tecnm.mx\/dcab\/wp-json\/wp\/v2\/media?parent=23773"}],"curies":[{"name":"wp","href":"https:\/\/api.w.org\/{rel}","templated":true}]}}