{"id":23770,"date":"2025-11-12T13:46:37","date_gmt":"2025-11-12T18:46:37","guid":{"rendered":"https:\/\/www.tuxtla.tecnm.mx\/dcab\/?page_id=23770"},"modified":"2025-11-12T14:35:08","modified_gmt":"2025-11-12T19:35:08","slug":"proceso-de-inscripcion","status":"publish","type":"page","link":"https:\/\/www.tuxtla.tecnm.mx\/dcab\/proceso-de-inscripcion\/","title":{"rendered":"Proceso de Inscripci\u00f3n"},"content":{"rendered":"\n<p>Una vez que la (el) aspirante\nha sido aceptado en el programa, el siguiente paso es realizar la inscripci\u00f3n\nformal, que incluye el pago de inscripci\u00f3n y registro de asignaturas. El procedimiento\nes el siguiente:<\/p>\n\n\n\n<p>1.\nAccede a:&nbsp; estudiantes.tuxtla.tecnm.mx<\/p>\n\n\n\n<p>2.\nGenera la hoja de <strong>pago referenciado<\/strong>: ingresa a men\u00fa \u201cInscripciones\u201d, en\nla opci\u00f3n \u201cPago referenciado\u201d, imprime y realiza el dep\u00f3sito en el periodo\nestablecido (Tu pago se ve reflejado 1 d\u00eda h\u00e1bil despu\u00e9s del dep\u00f3sito)<\/p>\n\n\n\n<p>3.\n<strong>Opciones de pago:<\/strong> <\/p>\n\n\n\n<ul class=\"wp-block-list\"><li>Dep\u00f3sito en ventanilla en banco Santander, presentando el pago referenciado<\/li><\/ul>\n\n\n\n<p><\/p>\n\n\n\n<ul class=\"wp-block-list\"><li>Transferencia bancaria: Desde tu banca electr\u00f3nica realiza la transferencia con la CLABE interbancaria \u00a0\u00a0 de la Instituci\u00f3n, anotando en concepto el n\u00famero de referencia indicado en el pago referenciado anotando.<\/li><\/ul>\n\n\n\n<p>4<strong>. Carga Acad\u00e9mica<\/strong>: Entrega el comprobante de pago a la coordinaci\u00f3n del doctorado v\u00eda correo electr\u00f3nico para que gener\u00e9 tu carga acad\u00e9mica conforme el plan de estudios.<\/p>\n","protected":false},"excerpt":{"rendered":"<p>Una vez que la (el) aspirante ha sido aceptado en el programa, el siguiente paso es realizar la inscripci\u00f3n formal, que incluye el pago de inscripci\u00f3n y registro de asignaturas. El procedimiento es el siguiente: 1. Accede a:&nbsp; estudiantes.tuxtla.tecnm.mx 2. Genera la hoja de pago referenciado: ingresa a men\u00fa \u201cInscripciones\u201d, en la opci\u00f3n \u201cPago referenciado\u201d,&#8230;<\/p>\n<p><a href=\"https:\/\/www.tuxtla.tecnm.mx\/dcab\/proceso-de-inscripcion\/\"><span class=\"glyphicon glyphicon-arrow-right\"><\/span>&nbsp;Seguir leyendo<\/a><\/p>","protected":false},"author":5,"featured_media":0,"parent":0,"menu_order":0,"comment_status":"closed","ping_status":"closed","template":"","meta":{"footnotes":""},"class_list":["post-23770","page","type-page","status-publish","hentry"],"_links":{"self":[{"href":"https:\/\/www.tuxtla.tecnm.mx\/dcab\/wp-json\/wp\/v2\/pages\/23770","targetHints":{"allow":["GET"]}}],"collection":[{"href":"https:\/\/www.tuxtla.tecnm.mx\/dcab\/wp-json\/wp\/v2\/pages"}],"about":[{"href":"https:\/\/www.tuxtla.tecnm.mx\/dcab\/wp-json\/wp\/v2\/types\/page"}],"author":[{"embeddable":true,"href":"https:\/\/www.tuxtla.tecnm.mx\/dcab\/wp-json\/wp\/v2\/users\/5"}],"replies":[{"embeddable":true,"href":"https:\/\/www.tuxtla.tecnm.mx\/dcab\/wp-json\/wp\/v2\/comments?post=23770"}],"version-history":[{"count":2,"href":"https:\/\/www.tuxtla.tecnm.mx\/dcab\/wp-json\/wp\/v2\/pages\/23770\/revisions"}],"predecessor-version":[{"id":23848,"href":"https:\/\/www.tuxtla.tecnm.mx\/dcab\/wp-json\/wp\/v2\/pages\/23770\/revisions\/23848"}],"wp:attachment":[{"href":"https:\/\/www.tuxtla.tecnm.mx\/dcab\/wp-json\/wp\/v2\/media?parent=23770"}],"curies":[{"name":"wp","href":"https:\/\/api.w.org\/{rel}","templated":true}]}}