{"id":23762,"date":"2025-11-12T13:41:22","date_gmt":"2025-11-12T18:41:22","guid":{"rendered":"https:\/\/www.tuxtla.tecnm.mx\/dcab\/?page_id=23762"},"modified":"2025-11-13T13:01:42","modified_gmt":"2025-11-13T18:01:42","slug":"plan-de-estudios","status":"publish","type":"page","link":"https:\/\/www.tuxtla.tecnm.mx\/dcab\/plan-de-estudios\/","title":{"rendered":"Plan de Estudios"},"content":{"rendered":"\n<figure class=\"wp-block-table is-style-stripes\"><table class=\"\"><tbody><tr><td>\n  <strong>Semestre<\/strong>\n  <\/td><td>\n  <strong>Asignatura<\/strong>\n  <\/td><td>\n  <strong>Cr\u00e9ditos<\/strong>\n  <\/td><\/tr><tr><td>\n  I\n  <\/td><td>   Seminario de Investigaci\u00f3n   <\/td><td>\n  16\n  <\/td><\/tr><tr><td>\n  I\n  <\/td><td>\n  Seminario Pre-doctoral\n  <\/td><td>\n  8\n  <\/td><\/tr><tr><td>\n  II\n  <\/td><td>   Proyecto de Investigaci\u00f3n I   <\/td><td>\n  16\n  <\/td><\/tr><tr><td>\n  III\n  <\/td><td>   Proyecto de Investigaci\u00f3n II   <\/td><td>\n  16\n  <\/td><\/tr><tr><td>\n  IV\n  <\/td><td>   Proyecto de Investigaci\u00f3n III   <\/td><td>\n  16\n  <\/td><\/tr><tr><td>\n  V\n  <\/td><td>   Proyecto de Investigaci\u00f3n IV   <\/td><td>\n  16\n  <\/td><\/tr><tr><td>\n  VI\n  <\/td><td>\n  Examen Pre-doctoral\n  <\/td><td>\n  8\n  <\/td><\/tr><tr><td>\n  VII\n  <\/td><td>   Proyecto de Investigaci\u00f3n V   <\/td><td>\n  16\n  <\/td><\/tr><tr><td>\n  VIII\n  <\/td><td>\n  Tesis\n  <\/td><td>\n  52\n  <\/td><\/tr><\/tbody><\/table><\/figure>\n","protected":false},"excerpt":{"rendered":"<p>Semestre Asignatura Cr\u00e9ditos I Seminario de Investigaci\u00f3n 16 I Seminario Pre-doctoral 8 II Proyecto de Investigaci\u00f3n I 16 III Proyecto de Investigaci\u00f3n II 16 IV Proyecto de Investigaci\u00f3n III 16 V Proyecto de Investigaci\u00f3n IV 16 VI Examen Pre-doctoral 8 VII Proyecto de Investigaci\u00f3n V 16 VIII Tesis 52<\/p>\n<p><a href=\"https:\/\/www.tuxtla.tecnm.mx\/dcab\/plan-de-estudios\/\"><span class=\"glyphicon glyphicon-arrow-right\"><\/span>&nbsp;Seguir leyendo<\/a><\/p>","protected":false},"author":5,"featured_media":0,"parent":0,"menu_order":0,"comment_status":"closed","ping_status":"closed","template":"","meta":{"footnotes":""},"class_list":["post-23762","page","type-page","status-publish","hentry"],"_links":{"self":[{"href":"https:\/\/www.tuxtla.tecnm.mx\/dcab\/wp-json\/wp\/v2\/pages\/23762","targetHints":{"allow":["GET"]}}],"collection":[{"href":"https:\/\/www.tuxtla.tecnm.mx\/dcab\/wp-json\/wp\/v2\/pages"}],"about":[{"href":"https:\/\/www.tuxtla.tecnm.mx\/dcab\/wp-json\/wp\/v2\/types\/page"}],"author":[{"embeddable":true,"href":"https:\/\/www.tuxtla.tecnm.mx\/dcab\/wp-json\/wp\/v2\/users\/5"}],"replies":[{"embeddable":true,"href":"https:\/\/www.tuxtla.tecnm.mx\/dcab\/wp-json\/wp\/v2\/comments?post=23762"}],"version-history":[{"count":4,"href":"https:\/\/www.tuxtla.tecnm.mx\/dcab\/wp-json\/wp\/v2\/pages\/23762\/revisions"}],"predecessor-version":[{"id":23891,"href":"https:\/\/www.tuxtla.tecnm.mx\/dcab\/wp-json\/wp\/v2\/pages\/23762\/revisions\/23891"}],"wp:attachment":[{"href":"https:\/\/www.tuxtla.tecnm.mx\/dcab\/wp-json\/wp\/v2\/media?parent=23762"}],"curies":[{"name":"wp","href":"https:\/\/api.w.org\/{rel}","templated":true}]}}